{"id":149,"date":"2024-04-14T23:35:33","date_gmt":"2024-04-14T23:35:33","guid":{"rendered":"https:\/\/innovamaxinc.com\/?page_id=149"},"modified":"2024-07-14T23:38:18","modified_gmt":"2024-07-14T23:38:18","slug":"sobre-nosotros","status":"publish","type":"page","link":"https:\/\/innovamax.co\/?page_id=149","title":{"rendered":"Sobre Nosotros"},"content":{"rendered":"\t\t<div data-elementor-type=\"wp-page\" data-elementor-id=\"149\" class=\"elementor elementor-149\">\n\t\t\t\t<div class=\"elementor-element elementor-element-d35c6a8 e-con-full e-flex e-con e-parent\" data-id=\"d35c6a8\" data-element_type=\"container\" data-settings=\"{&quot;background_background&quot;:&quot;classic&quot;}\">\n\t\t\t\t<div class=\"elementor-element elementor-element-ce593cc elementor-widget-mobile__width-inherit elementor-widget elementor-widget-heading\" data-id=\"ce593cc\" data-element_type=\"widget\" data-widget_type=\"heading.default\">\n\t\t\t\t<div class=\"elementor-widget-container\">\n\t\t\t<style>\/*! elementor - v3.21.0 - 26-05-2024 *\/\n.elementor-heading-title{padding:0;margin:0;line-height:1}.elementor-widget-heading .elementor-heading-title[class*=elementor-size-]>a{color:inherit;font-size:inherit;line-height:inherit}.elementor-widget-heading .elementor-heading-title.elementor-size-small{font-size:15px}.elementor-widget-heading .elementor-heading-title.elementor-size-medium{font-size:19px}.elementor-widget-heading .elementor-heading-title.elementor-size-large{font-size:29px}.elementor-widget-heading .elementor-heading-title.elementor-size-xl{font-size:39px}.elementor-widget-heading .elementor-heading-title.elementor-size-xxl{font-size:59px}<\/style><h2 class=\"elementor-heading-title elementor-size-default\">Sobre<br> InnovamaxINC<\/h2>\t\t<\/div>\n\t\t\t\t<\/div>\n\t\t\t\t<\/div>\n\t\t<div class=\"elementor-element elementor-element-9445d1a e-flex e-con-boxed e-con e-parent\" data-id=\"9445d1a\" data-element_type=\"container\">\n\t\t\t\t\t<div class=\"e-con-inner\">\n\t\t\t\t<div class=\"elementor-element elementor-element-a26a240 elementor-widget elementor-widget-heading\" data-id=\"a26a240\" data-element_type=\"widget\" data-widget_type=\"heading.default\">\n\t\t\t\t<div class=\"elementor-widget-container\">\n\t\t\t<h2 class=\"elementor-heading-title elementor-size-default\">Somos un distribuidor<\/h2>\t\t<\/div>\n\t\t\t\t<\/div>\n\t\t<div class=\"elementor-element elementor-element-a7b8ea6 e-grid e-con-boxed e-con e-child\" data-id=\"a7b8ea6\" data-element_type=\"container\">\n\t\t\t\t\t<div class=\"e-con-inner\">\n\t\t\t\t<div class=\"elementor-element elementor-element-eb9a80d elementor-widget elementor-widget-image\" data-id=\"eb9a80d\" data-element_type=\"widget\" data-widget_type=\"image.default\">\n\t\t\t\t<div class=\"elementor-widget-container\">\n\t\t\t<style>\/*! elementor - v3.21.0 - 26-05-2024 *\/\n.elementor-widget-image{text-align:center}.elementor-widget-image a{display:inline-block}.elementor-widget-image a img[src$=\".svg\"]{width:48px}.elementor-widget-image img{vertical-align:middle;display:inline-block}<\/style>\t\t\t\t\t\t\t\t\t\t<img decoding=\"async\" src=\"http:\/\/innovamaxinc.com\/wp-content\/uploads\/2024\/05\/louis-reed-pwcKF7L4-no-unsplash-scaled.jpg\" title=\"\" alt=\"\" class=\"elementor-animation-shrink\" loading=\"lazy\" \/>\t\t\t\t\t\t\t\t\t\t\t\t\t<\/div>\n\t\t\t\t<\/div>\n\t\t\t\t<div class=\"elementor-element elementor-element-2e66d30 elementor-widget elementor-widget-text-editor\" data-id=\"2e66d30\" data-element_type=\"widget\" data-widget_type=\"text-editor.default\">\n\t\t\t\t<div class=\"elementor-widget-container\">\n\t\t\t<style>\/*! elementor - v3.21.0 - 26-05-2024 *\/\n.elementor-widget-text-editor.elementor-drop-cap-view-stacked .elementor-drop-cap{background-color:#69727d;color:#fff}.elementor-widget-text-editor.elementor-drop-cap-view-framed .elementor-drop-cap{color:#69727d;border:3px solid;background-color:transparent}.elementor-widget-text-editor:not(.elementor-drop-cap-view-default) .elementor-drop-cap{margin-top:8px}.elementor-widget-text-editor:not(.elementor-drop-cap-view-default) .elementor-drop-cap-letter{width:1em;height:1em}.elementor-widget-text-editor .elementor-drop-cap{float:left;text-align:center;line-height:1;font-size:50px}.elementor-widget-text-editor .elementor-drop-cap-letter{display:inline-block}<\/style>\t\t\t\t<div class=\"flex-1 overflow-hidden\"><div class=\"react-scroll-to-bottom--css-chgsj-79elbk h-full\"><div class=\"react-scroll-to-bottom--css-chgsj-1n7m0yu\"><div class=\"flex flex-col text-sm pb-9\"><div class=\"w-full text-token-text-primary\" dir=\"auto\" data-testid=\"conversation-turn-5\"><div class=\"px-4 py-2 justify-center text-base md:gap-6 m-auto\"><div class=\"flex flex-1 text-base mx-auto gap-3 juice:gap-4 juice:md:gap-6 md:px-5 lg:px-1 xl:px-5 md:max-w-3xl lg:max-w-[40rem] xl:max-w-[48rem]\"><div class=\"relative flex w-full min-w-0 flex-col agent-turn\"><div class=\"flex-col gap-1 md:gap-3\"><div class=\"flex flex-grow flex-col max-w-full\"><div class=\"min-h-[20px] text-message flex flex-col items-start gap-3 whitespace-pre-wrap break-words [.text-message+&amp;]:mt-5 overflow-x-auto\" dir=\"auto\" data-message-author-role=\"assistant\" data-message-id=\"60791b57-deae-4779-86c2-6478829556c9\"><div class=\"markdown prose w-full break-words dark:prose-invert light\"><h6>Innovamax es un actor din\u00e1mico en la industria farmac\u00e9utica, conocido por su compromiso inquebrantable con la calidad y la innovaci\u00f3n.<\/h6><h6>Nuestras instalaciones de \u00faltima generaci\u00f3n est\u00e1n equipadas con tecnolog\u00eda avanzada y cumplen con los m\u00e1s altos est\u00e1ndares de calidad.<\/h6><h6>Nos enorgullece mantener un riguroso cumplimiento con las regulaciones de la industria.<\/h6><h6>\u00a0<\/h6><p>\u00a0<\/p><\/div><\/div><\/div><\/div><\/div><\/div><\/div><\/div><\/div><\/div><\/div><\/div>\t\t\t\t\t\t<\/div>\n\t\t\t\t<\/div>\n\t\t\t\t\t<\/div>\n\t\t\t\t<\/div>\n\t\t\t\t\t<\/div>\n\t\t\t\t<\/div>\n\t\t<div class=\"elementor-element elementor-element-0fd2879 e-con-full e-flex e-con e-parent\" data-id=\"0fd2879\" data-element_type=\"container\">\n\t\t\t\t<div class=\"elementor-element elementor-element-355ad5f elementor-widget elementor-widget-heading\" data-id=\"355ad5f\" data-element_type=\"widget\" data-widget_type=\"heading.default\">\n\t\t\t\t<div class=\"elementor-widget-container\">\n\t\t\t<h2 class=\"elementor-heading-title elementor-size-default\">Garant\u00eda de Calidad<\/h2>\t\t<\/div>\n\t\t\t\t<\/div>\n\t\t<div class=\"elementor-element elementor-element-5c4655b e-transform e-flex e-con-boxed e-con e-child\" data-id=\"5c4655b\" data-element_type=\"container\" data-settings=\"{&quot;background_background&quot;:&quot;classic&quot;,&quot;_transform_scale_effect_hover&quot;:{&quot;unit&quot;:&quot;px&quot;,&quot;size&quot;:1.1,&quot;sizes&quot;:[]},&quot;_transform_scale_effect_hover_tablet&quot;:{&quot;unit&quot;:&quot;px&quot;,&quot;size&quot;:&quot;&quot;,&quot;sizes&quot;:[]},&quot;_transform_scale_effect_hover_mobile&quot;:{&quot;unit&quot;:&quot;px&quot;,&quot;size&quot;:&quot;&quot;,&quot;sizes&quot;:[]}}\">\n\t\t\t\t\t<div class=\"e-con-inner\">\n\t\t\t\t<div class=\"elementor-element elementor-element-a5e70b3 elementor-view-default elementor-widget elementor-widget-icon\" data-id=\"a5e70b3\" data-element_type=\"widget\" data-widget_type=\"icon.default\">\n\t\t\t\t<div class=\"elementor-widget-container\">\n\t\t\t\t\t<div class=\"elementor-icon-wrapper\">\n\t\t\t<div class=\"elementor-icon\">\n\t\t\t<svg xmlns=\"http:\/\/www.w3.org\/2000\/svg\" width=\"800px\" height=\"800px\" viewBox=\"0 0 32 32\" fill=\"#000000\"><g id=\"SVGRepo_bgCarrier\" stroke-width=\"0\"><\/g><g id=\"SVGRepo_tracerCarrier\" stroke-linecap=\"round\" stroke-linejoin=\"round\"><\/g><g id=\"SVGRepo_iconCarrier\"><defs><style>.cls-1{fill:#3577E9;}.cls-2{fill:#29C9BC;}<\/style><\/defs><g data-name=\"21. Clipboard\" id=\"_21._Clipboard\"><path class=\"cls-1\" d=\"M19,6H18a2,2,0,0,0-2-2H15V3A3,3,0,0,0,9,3V4H8A2,2,0,0,0,6,6H5A3,3,0,0,0,2,9V29a3,3,0,0,0,3,3H19a3,3,0,0,0,3-3V9A3,3,0,0,0,19,6ZM11,3a1,1,0,0,1,2,0V4H11ZM8,6h8V7h0V8H8ZM20,29a1,1,0,0,1-1,1H5a1,1,0,0,1-1-1V9A1,1,0,0,1,5,8H6a2,2,0,0,0,2,2h8a2,2,0,0,0,2-2h1a1,1,0,0,1,1,1Z\"><\/path><path class=\"cls-1\" d=\"M27,6a3,3,0,0,0-3,3V28a1,1,0,0,0,.17.55l2,3a1,1,0,0,0,1.66,0l2-3A1,1,0,0,0,30,28V9A3,3,0,0,0,27,6Zm0,2a1,1,0,0,1,1,1v2H26V9A1,1,0,0,1,27,8Zm0,21.2-1-1.5V13h2V27.7Z\"><\/path><path class=\"cls-2\" d=\"M14,26H10a1,1,0,0,1-1-1V23H7a1,1,0,0,1-1-1V18a1,1,0,0,1,1-1H9V15a1,1,0,0,1,1-1h4a1,1,0,0,1,1,1v2h2a1,1,0,0,1,1,1v4a1,1,0,0,1-1,1H15v2A1,1,0,0,1,14,26Zm-3-2h2V22a1,1,0,0,1,1-1h2V19H14a1,1,0,0,1-1-1V16H11v2a1,1,0,0,1-1,1H8v2h2a1,1,0,0,1,1,1Z\"><\/path><\/g><\/g><\/svg>\t\t\t<\/div>\n\t\t<\/div>\n\t\t\t\t<\/div>\n\t\t\t\t<\/div>\n\t\t\t\t<div class=\"elementor-element elementor-element-6ca8104 elementor-widget elementor-widget-heading\" data-id=\"6ca8104\" data-element_type=\"widget\" data-widget_type=\"heading.default\">\n\t\t\t\t<div class=\"elementor-widget-container\">\n\t\t\t<h2 class=\"elementor-heading-title elementor-size-default\">Procesos Integrales de Control de Calidad<\/h2>\t\t<\/div>\n\t\t\t\t<\/div>\n\t\t\t\t\t<\/div>\n\t\t\t\t<\/div>\n\t\t<div class=\"elementor-element elementor-element-ed753e2 e-transform e-flex e-con-boxed e-con e-child\" data-id=\"ed753e2\" data-element_type=\"container\" data-settings=\"{&quot;background_background&quot;:&quot;classic&quot;,&quot;_transform_scale_effect_hover&quot;:{&quot;unit&quot;:&quot;px&quot;,&quot;size&quot;:1.1,&quot;sizes&quot;:[]},&quot;_transform_scale_effect_hover_tablet&quot;:{&quot;unit&quot;:&quot;px&quot;,&quot;size&quot;:&quot;&quot;,&quot;sizes&quot;:[]},&quot;_transform_scale_effect_hover_mobile&quot;:{&quot;unit&quot;:&quot;px&quot;,&quot;size&quot;:&quot;&quot;,&quot;sizes&quot;:[]}}\">\n\t\t\t\t\t<div class=\"e-con-inner\">\n\t\t\t\t<div class=\"elementor-element elementor-element-7081666 elementor-view-default elementor-widget elementor-widget-icon\" data-id=\"7081666\" data-element_type=\"widget\" data-widget_type=\"icon.default\">\n\t\t\t\t<div class=\"elementor-widget-container\">\n\t\t\t\t\t<div class=\"elementor-icon-wrapper\">\n\t\t\t<div class=\"elementor-icon\">\n\t\t\t<svg xmlns=\"http:\/\/www.w3.org\/2000\/svg\" width=\"800px\" height=\"800px\" viewBox=\"0 0 32 32\" fill=\"#000000\"><g id=\"SVGRepo_bgCarrier\" stroke-width=\"0\"><\/g><g id=\"SVGRepo_tracerCarrier\" stroke-linecap=\"round\" stroke-linejoin=\"round\"><\/g><g id=\"SVGRepo_iconCarrier\"><defs><style>.cls-1{fill:#3577E9;}.cls-2{fill:#29C9BC;}<\/style><\/defs><g data-name=\"21. Clipboard\" id=\"_21._Clipboard\"><path class=\"cls-1\" d=\"M19,6H18a2,2,0,0,0-2-2H15V3A3,3,0,0,0,9,3V4H8A2,2,0,0,0,6,6H5A3,3,0,0,0,2,9V29a3,3,0,0,0,3,3H19a3,3,0,0,0,3-3V9A3,3,0,0,0,19,6ZM11,3a1,1,0,0,1,2,0V4H11ZM8,6h8V7h0V8H8ZM20,29a1,1,0,0,1-1,1H5a1,1,0,0,1-1-1V9A1,1,0,0,1,5,8H6a2,2,0,0,0,2,2h8a2,2,0,0,0,2-2h1a1,1,0,0,1,1,1Z\"><\/path><path class=\"cls-1\" d=\"M27,6a3,3,0,0,0-3,3V28a1,1,0,0,0,.17.55l2,3a1,1,0,0,0,1.66,0l2-3A1,1,0,0,0,30,28V9A3,3,0,0,0,27,6Zm0,2a1,1,0,0,1,1,1v2H26V9A1,1,0,0,1,27,8Zm0,21.2-1-1.5V13h2V27.7Z\"><\/path><path class=\"cls-2\" d=\"M14,26H10a1,1,0,0,1-1-1V23H7a1,1,0,0,1-1-1V18a1,1,0,0,1,1-1H9V15a1,1,0,0,1,1-1h4a1,1,0,0,1,1,1v2h2a1,1,0,0,1,1,1v4a1,1,0,0,1-1,1H15v2A1,1,0,0,1,14,26Zm-3-2h2V22a1,1,0,0,1,1-1h2V19H14a1,1,0,0,1-1-1V16H11v2a1,1,0,0,1-1,1H8v2h2a1,1,0,0,1,1,1Z\"><\/path><\/g><\/g><\/svg>\t\t\t<\/div>\n\t\t<\/div>\n\t\t\t\t<\/div>\n\t\t\t\t<\/div>\n\t\t\t\t<div class=\"elementor-element elementor-element-d072009 elementor-widget elementor-widget-heading\" data-id=\"d072009\" data-element_type=\"widget\" data-widget_type=\"heading.default\">\n\t\t\t\t<div class=\"elementor-widget-container\">\n\t\t\t<h2 class=\"elementor-heading-title elementor-size-default\">M\u00e9todos Avanzados de Pruebas<\/h2>\t\t<\/div>\n\t\t\t\t<\/div>\n\t\t\t\t\t<\/div>\n\t\t\t\t<\/div>\n\t\t<div class=\"elementor-element elementor-element-540c84b e-transform e-flex e-con-boxed e-con e-child\" data-id=\"540c84b\" data-element_type=\"container\" data-settings=\"{&quot;background_background&quot;:&quot;classic&quot;,&quot;_transform_scale_effect_hover&quot;:{&quot;unit&quot;:&quot;px&quot;,&quot;size&quot;:1.1,&quot;sizes&quot;:[]},&quot;_transform_scale_effect_hover_tablet&quot;:{&quot;unit&quot;:&quot;px&quot;,&quot;size&quot;:&quot;&quot;,&quot;sizes&quot;:[]},&quot;_transform_scale_effect_hover_mobile&quot;:{&quot;unit&quot;:&quot;px&quot;,&quot;size&quot;:&quot;&quot;,&quot;sizes&quot;:[]}}\">\n\t\t\t\t\t<div class=\"e-con-inner\">\n\t\t\t\t<div class=\"elementor-element elementor-element-76ef788 elementor-view-default elementor-widget elementor-widget-icon\" data-id=\"76ef788\" data-element_type=\"widget\" data-widget_type=\"icon.default\">\n\t\t\t\t<div class=\"elementor-widget-container\">\n\t\t\t\t\t<div class=\"elementor-icon-wrapper\">\n\t\t\t<div class=\"elementor-icon\">\n\t\t\t<svg xmlns=\"http:\/\/www.w3.org\/2000\/svg\" width=\"800px\" height=\"800px\" viewBox=\"0 0 32 32\" fill=\"#000000\"><g id=\"SVGRepo_bgCarrier\" stroke-width=\"0\"><\/g><g id=\"SVGRepo_tracerCarrier\" stroke-linecap=\"round\" stroke-linejoin=\"round\"><\/g><g id=\"SVGRepo_iconCarrier\"><defs><style>.cls-1{fill:#3577E9;}.cls-2{fill:#29C9BC;}<\/style><\/defs><g data-name=\"21. Clipboard\" id=\"_21._Clipboard\"><path class=\"cls-1\" d=\"M19,6H18a2,2,0,0,0-2-2H15V3A3,3,0,0,0,9,3V4H8A2,2,0,0,0,6,6H5A3,3,0,0,0,2,9V29a3,3,0,0,0,3,3H19a3,3,0,0,0,3-3V9A3,3,0,0,0,19,6ZM11,3a1,1,0,0,1,2,0V4H11ZM8,6h8V7h0V8H8ZM20,29a1,1,0,0,1-1,1H5a1,1,0,0,1-1-1V9A1,1,0,0,1,5,8H6a2,2,0,0,0,2,2h8a2,2,0,0,0,2-2h1a1,1,0,0,1,1,1Z\"><\/path><path class=\"cls-1\" d=\"M27,6a3,3,0,0,0-3,3V28a1,1,0,0,0,.17.55l2,3a1,1,0,0,0,1.66,0l2-3A1,1,0,0,0,30,28V9A3,3,0,0,0,27,6Zm0,2a1,1,0,0,1,1,1v2H26V9A1,1,0,0,1,27,8Zm0,21.2-1-1.5V13h2V27.7Z\"><\/path><path class=\"cls-2\" d=\"M14,26H10a1,1,0,0,1-1-1V23H7a1,1,0,0,1-1-1V18a1,1,0,0,1,1-1H9V15a1,1,0,0,1,1-1h4a1,1,0,0,1,1,1v2h2a1,1,0,0,1,1,1v4a1,1,0,0,1-1,1H15v2A1,1,0,0,1,14,26Zm-3-2h2V22a1,1,0,0,1,1-1h2V19H14a1,1,0,0,1-1-1V16H11v2a1,1,0,0,1-1,1H8v2h2a1,1,0,0,1,1,1Z\"><\/path><\/g><\/g><\/svg>\t\t\t<\/div>\n\t\t<\/div>\n\t\t\t\t<\/div>\n\t\t\t\t<\/div>\n\t\t\t\t<div class=\"elementor-element elementor-element-561eabf elementor-widget elementor-widget-heading\" data-id=\"561eabf\" data-element_type=\"widget\" data-widget_type=\"heading.default\">\n\t\t\t\t<div class=\"elementor-widget-container\">\n\t\t\t<h2 class=\"elementor-heading-title elementor-size-default\">Cumplimiento de Certificaciones y Est\u00e1ndares<\/h2>\t\t<\/div>\n\t\t\t\t<\/div>\n\t\t\t\t\t<\/div>\n\t\t\t\t<\/div>\n\t\t\t\t<\/div>\n\t\t\t\t<\/div>\n\t\t","protected":false},"excerpt":{"rendered":"<p>Sobre InnovamaxINC Somos un distribuidor Innovamax es un actor din\u00e1mico en la industria farmac\u00e9utica, conocido por su compromiso inquebrantable con la calidad y la innovaci\u00f3n. Nuestras instalaciones de \u00faltima generaci\u00f3n est\u00e1n equipadas con tecnolog\u00eda avanzada y cumplen con los m\u00e1s altos est\u00e1ndares de calidad. Nos enorgullece mantener un riguroso cumplimiento con las regulaciones de la [&hellip;]<\/p>\n","protected":false},"author":1,"featured_media":0,"parent":0,"menu_order":0,"comment_status":"closed","ping_status":"closed","template":"","meta":{"footnotes":""},"class_list":["post-149","page","type-page","status-publish","hentry"],"_links":{"self":[{"href":"https:\/\/innovamax.co\/index.php?rest_route=\/wp\/v2\/pages\/149","targetHints":{"allow":["GET"]}}],"collection":[{"href":"https:\/\/innovamax.co\/index.php?rest_route=\/wp\/v2\/pages"}],"about":[{"href":"https:\/\/innovamax.co\/index.php?rest_route=\/wp\/v2\/types\/page"}],"author":[{"embeddable":true,"href":"https:\/\/innovamax.co\/index.php?rest_route=\/wp\/v2\/users\/1"}],"replies":[{"embeddable":true,"href":"https:\/\/innovamax.co\/index.php?rest_route=%2Fwp%2Fv2%2Fcomments&post=149"}],"version-history":[{"count":5,"href":"https:\/\/innovamax.co\/index.php?rest_route=\/wp\/v2\/pages\/149\/revisions"}],"predecessor-version":[{"id":493,"href":"https:\/\/innovamax.co\/index.php?rest_route=\/wp\/v2\/pages\/149\/revisions\/493"}],"wp:attachment":[{"href":"https:\/\/innovamax.co\/index.php?rest_route=%2Fwp%2Fv2%2Fmedia&parent=149"}],"curies":[{"name":"wp","href":"https:\/\/api.w.org\/{rel}","templated":true}]}}